{"id":15,"date":"2020-09-24T14:29:14","date_gmt":"2020-09-24T11:29:14","guid":{"rendered":"http:\/\/uudet.suojarvenera.fi\/?page_id=15"},"modified":"2024-04-17T15:36:45","modified_gmt":"2024-04-17T12:36:45","slug":"etusivu","status":"publish","type":"page","link":"https:\/\/uudet.suojarvenera.fi\/","title":{"rendered":"Tervetuloa Suoj\u00e4rven er\u00e4n sivuille"},"content":{"rendered":"\n<h2 class=\"wp-block-heading\"><a href=\"http:\/\/www.suojarvenera.fi\/index.php\/19-joomla\/24-suojarvenera\">Suoj\u00e4rven er\u00e4 Ry<\/a><\/h2>\n\n\n\n<p>Seura perustettu 1991. Alussa j\u00e4seni\u00e4 oli 16. Seuran alueella mets\u00e4stet\u00e4\u00e4n pienriistaa, pienpetoja ja hirvi\u00e4.<br>J\u00e4senm\u00e4\u00e4r\u00e4 2012 52 kpl.<\/p>\n\n\n\n<p>Seuralla on k\u00e4yt\u00f6ss\u00e4\u00e4n kaksi mets\u00e4stysmajaa-<br>Ven\u00e4\u00e4nrasin maja valmistui&nbsp; v . 2000<br>Kev\u00e4\u00e4ll\u00e4 2012 tehty toinen mets\u00e4stysmaja marjom\u00e4entien varteen.<br>Alueen pinta-ala n. 4500 ha.<\/p>\n\n\n\n<h2 class=\"wp-block-heading\"><\/h2>\n","protected":false},"excerpt":{"rendered":"<p>Suoj\u00e4rven er\u00e4 Ry Seura perustettu 1991. Alussa j\u00e4seni\u00e4 oli 16. Seuran alueella mets\u00e4stet\u00e4\u00e4n pienriistaa, pienpetoja ja hirvi\u00e4.J\u00e4senm\u00e4\u00e4r\u00e4 2012 52 kpl. Seuralla on k\u00e4yt\u00f6ss\u00e4\u00e4n kaksi mets\u00e4stysmajaa-Ven\u00e4\u00e4nrasin maja valmistui&nbsp; v . 2000Kev\u00e4\u00e4ll\u00e4 2012 tehty toinen mets\u00e4stysmaja marjom\u00e4entien varteen.Alueen pinta-ala n. 4500 ha.<\/p>\n","protected":false},"author":1,"featured_media":0,"parent":0,"menu_order":0,"comment_status":"closed","ping_status":"closed","template":"","meta":{"footnotes":""},"_links":{"self":[{"href":"https:\/\/uudet.suojarvenera.fi\/index.php?rest_route=\/wp\/v2\/pages\/15"}],"collection":[{"href":"https:\/\/uudet.suojarvenera.fi\/index.php?rest_route=\/wp\/v2\/pages"}],"about":[{"href":"https:\/\/uudet.suojarvenera.fi\/index.php?rest_route=\/wp\/v2\/types\/page"}],"author":[{"embeddable":true,"href":"https:\/\/uudet.suojarvenera.fi\/index.php?rest_route=\/wp\/v2\/users\/1"}],"replies":[{"embeddable":true,"href":"https:\/\/uudet.suojarvenera.fi\/index.php?rest_route=%2Fwp%2Fv2%2Fcomments&post=15"}],"version-history":[{"count":6,"href":"https:\/\/uudet.suojarvenera.fi\/index.php?rest_route=\/wp\/v2\/pages\/15\/revisions"}],"predecessor-version":[{"id":112,"href":"https:\/\/uudet.suojarvenera.fi\/index.php?rest_route=\/wp\/v2\/pages\/15\/revisions\/112"}],"wp:attachment":[{"href":"https:\/\/uudet.suojarvenera.fi\/index.php?rest_route=%2Fwp%2Fv2%2Fmedia&parent=15"}],"curies":[{"name":"wp","href":"https:\/\/api.w.org\/{rel}","templated":true}]}}